{"id":4199,"date":"2024-12-19T15:58:43","date_gmt":"2024-12-19T15:58:43","guid":{"rendered":"https:\/\/mgpsicologiavalencia.com\/?post_type=product&#038;p=4199"},"modified":"2025-04-22T08:36:10","modified_gmt":"2025-04-22T08:36:10","slug":"curso-abraza-tu-ansiedad","status":"publish","type":"product","link":"https:\/\/mgpsicologiavalencia.com\/en\/product\/curso-abraza-tu-ansiedad\/","title":{"rendered":"Curso: Abraza tu ansiedad"},"content":{"rendered":"","protected":false},"excerpt":{"rendered":"<p>Este curso te gu\u00eda para comprender y gestionar la ansiedad desde sus ra\u00edces, abordando tanto su origen como su impacto en tu cuerpo y mente. A trav\u00e9s de m\u00f3dulos pr\u00e1cticos, aprender\u00e1s a reconocer tus miedos, escuchar las se\u00f1ales de tu cuerpo y trabajar en t\u00e9cnicas efectivas como la exposici\u00f3n y la meditaci\u00f3n para alcanzar una mayor calma y equilibrio.<\/p>","protected":false},"featured_media":4198,"comment_status":"closed","ping_status":"closed","template":"","meta":[],"product_brand":[],"product_cat":[79],"product_tag":[],"class_list":{"0":"post-4199","1":"product","2":"type-product","3":"status-publish","4":"has-post-thumbnail","6":"product_cat-cursos","7":"product_shipping_class-envio-digital","9":"first","10":"instock","11":"virtual","12":"taxable","13":"purchasable","14":"product-type-simple"},"_links":{"self":[{"href":"https:\/\/mgpsicologiavalencia.com\/en\/wp-json\/wp\/v2\/product\/4199","targetHints":{"allow":["GET"]}}],"collection":[{"href":"https:\/\/mgpsicologiavalencia.com\/en\/wp-json\/wp\/v2\/product"}],"about":[{"href":"https:\/\/mgpsicologiavalencia.com\/en\/wp-json\/wp\/v2\/types\/product"}],"replies":[{"embeddable":true,"href":"https:\/\/mgpsicologiavalencia.com\/en\/wp-json\/wp\/v2\/comments?post=4199"}],"wp:featuredmedia":[{"embeddable":true,"href":"https:\/\/mgpsicologiavalencia.com\/en\/wp-json\/wp\/v2\/media\/4198"}],"wp:attachment":[{"href":"https:\/\/mgpsicologiavalencia.com\/en\/wp-json\/wp\/v2\/media?parent=4199"}],"wp:term":[{"taxonomy":"product_brand","embeddable":true,"href":"https:\/\/mgpsicologiavalencia.com\/en\/wp-json\/wp\/v2\/product_brand?post=4199"},{"taxonomy":"product_cat","embeddable":true,"href":"https:\/\/mgpsicologiavalencia.com\/en\/wp-json\/wp\/v2\/product_cat?post=4199"},{"taxonomy":"product_tag","embeddable":true,"href":"https:\/\/mgpsicologiavalencia.com\/en\/wp-json\/wp\/v2\/product_tag?post=4199"}],"curies":[{"name":"wp","href":"https:\/\/api.w.org\/{rel}","templated":true}]}}